{"id":9062,"date":"2024-10-04T17:15:45","date_gmt":"2024-10-04T15:15:45","guid":{"rendered":"https:\/\/sites7.digitalya.es\/intercasalleida.es\/avis-legal\/"},"modified":"2025-06-10T06:36:30","modified_gmt":"2025-06-10T04:36:30","slug":"avis-legal","status":"publish","type":"page","link":"https:\/\/intercasalleida.es\/ca\/avis-legal\/","title":{"rendered":"Av\u00eds Legal"},"content":{"rendered":"\t\t<div data-elementor-type=\"wp-page\" data-elementor-id=\"9062\" class=\"elementor elementor-9062 elementor-1927\" data-elementor-post-type=\"page\">\n\t\t\t\t<div class=\"elementor-element elementor-element-583446c1 e-con-full e-flex e-con e-parent\" data-id=\"583446c1\" data-element_type=\"container\" data-e-type=\"container\" data-settings=\"{&quot;background_background&quot;:&quot;classic&quot;}\">\n\t\t\t\t<div class=\"elementor-element elementor-element-b670a20 elementor-widget elementor-widget-heading\" data-id=\"b670a20\" data-element_type=\"widget\" data-e-type=\"widget\" data-widget_type=\"heading.default\">\n\t\t\t\t<div class=\"elementor-widget-container\">\n\t\t\t\t\t<h2 class=\"elementor-heading-title elementor-size-default\">Pol\u00edtica daccessibilitat<\/h2>\t\t\t\t<\/div>\n\t\t\t\t<\/div>\n\t\t\t\t<\/div>\n\t\t<div class=\"elementor-element elementor-element-4cd0ebfb e-flex e-con-boxed e-con e-parent\" data-id=\"4cd0ebfb\" data-element_type=\"container\" data-e-type=\"container\">\n\t\t\t\t\t<div class=\"e-con-inner\">\n\t\t\t\t<div class=\"elementor-element elementor-element-59d002be elementor-widget elementor-widget-text-editor\" data-id=\"59d002be\" data-element_type=\"widget\" data-e-type=\"widget\" data-widget_type=\"text-editor.default\">\n\t\t\t\t<div class=\"elementor-widget-container\">\n\t\t\t\t\t\t\t\t\t<p><span style=\"font-weight: 400;\">En la construcci\u00f3 de la p\u00e0gina web de <strong>SHEILA TORRIJOS ALEGRE<\/strong><\/span><span style=\"font-weight: 400;\"><strong> <\/strong>s&#8217;han adoptat mesures amb l&#8217;objectiu que el nombre m\u00e9s gran possible de persones puguin arribar a la informaci\u00f3 que s&#8217;hi transmet, independentment de les limitacions de la persona o de les que es derivin del context d&#8217;\u00fas.<\/span><\/p><p><span style=\"font-weight: 400;\">Aix\u00ed, en la confecci\u00f3 del portal s&#8217;han tingut en compte els aspectes seg\u00fcents:<\/span><\/p><ul><li style=\"font-weight: 400;\" aria-level=\"1\"><span style=\"font-weight: 400;\">\u00das de CSS per a la presentaci\u00f3 de la informaci\u00f3.<\/span><\/li><li style=\"font-weight: 400;\" aria-level=\"1\"><span style=\"font-weight: 400;\">Etiquetes de marcatge.<\/span><\/li><li style=\"font-weight: 400;\" aria-level=\"1\"><span style=\"font-weight: 400;\">Sistemes de navegaci\u00f3 usables, intu\u00eftius i alternatius.<\/span><\/li><li style=\"font-weight: 400;\" aria-level=\"1\"><span style=\"font-weight: 400;\">Descripcions alternatives a les imatges.<\/span><\/li><li style=\"font-weight: 400;\" aria-level=\"1\"><span style=\"font-weight: 400;\">Verificacions a la visualitzaci\u00f3 amb diferents navegadors i dispositius.<\/span><\/li><li style=\"font-weight: 400;\" aria-level=\"1\"><span style=\"font-weight: 400;\">Utilitzaci\u00f3 de formats universals i alternatius.<\/span><\/li><li style=\"font-weight: 400;\" aria-level=\"1\"><span style=\"font-weight: 400;\">Els enlla\u00e7os ofereixen detalls de la funci\u00f3 o dest\u00ed de l&#8217;hiperenlla\u00e7.<\/span><\/li><li style=\"font-weight: 400;\" aria-level=\"1\"><span style=\"font-weight: 400;\">\u00das dels est\u00e0ndards del W3C.<\/span><\/li><li style=\"font-weight: 400;\" aria-level=\"1\"><span style=\"font-weight: 400;\">Acc\u00e9s mitjan\u00e7ant dreceres teclat a les principals opcions.<\/span><\/li><\/ul><h3><span style=\"font-weight: 400;\">Compliment dels est\u00e0ndards<\/span><\/h3><p><span style=\"font-weight: 400;\">Les p\u00e0gines d&#8217;aquest lloc web compleixen la marca AA segons la Norma UNE 139803:2004 i les Directrius d&#8217;accessibilitat per al contingut web 1.0 del W3C. Tots els requisits de prioritat 1 i prioritat 2 i un subconjunt dels requisits de prioritat 3 han estat comprovats amb una an\u00e0lisi manual de l&#8217;accessibilitat a trav\u00e9s de diferents eines semiautom\u00e0tiques i agents d&#8217;usuari. <\/span><\/p><h3><span style=\"font-weight: 400;\">Dreceres de teclat<\/span><\/h3><p><span style=\"font-weight: 400;\">En aquesta web podeu fer salts ordenats en el contingut amb la tecla Tab.<\/span><\/p><h3><span style=\"font-weight: 400;\">Grand\u00e0ria del text<\/span><\/h3><p><span style=\"font-weight: 400;\">El disseny accessible permet que l&#8217;usuari pugui ajustar les fonts a la mida que li convingui. Aquesta acci\u00f3 es pot fer de diferents maneres segons el navegador web que s&#8217;utilitzi. A continuaci\u00f3 s&#8217;indica l&#8217;acci\u00f3 de men\u00fa on es troba aquesta funcionalitat als navegadors m\u00e9s freq\u00fcents:<\/span><\/p><ul><li style=\"font-weight: 400;\" aria-level=\"1\"><span style=\"font-weight: 400;\">Mozilla Firefox: Visualitza &gt; Mida de text &gt; Incrementar Internet<\/span><\/li><li style=\"font-weight: 400;\" aria-level=\"1\"><span style=\"font-weight: 400;\">Internet Explorer: Veure &gt; Mida de text &gt; M\u00e9s gran<\/span><\/li><li style=\"font-weight: 400;\" aria-level=\"1\"><span style=\"font-weight: 400;\">Opera: View &gt; Zoom &gt; %<\/span><\/li><li style=\"font-weight: 400;\" aria-level=\"1\"><span style=\"font-weight: 400;\">Safari: View &gt; Make text bigger<\/span><\/li><li style=\"font-weight: 400;\" aria-level=\"1\"><span style=\"font-weight: 400;\">Google Chrome: Eines &gt; Zoom<\/span><\/li><\/ul><h3><span style=\"font-weight: 400;\">Configuraci\u00f3 t\u00e8cnica<\/span><\/h3><p><span style=\"font-weight: 400;\">Les p\u00e0gines web estan creades amb el CMS WordPress <\/span><strong>6.7.1<\/strong><\/p><h3><span style=\"font-weight: 400;\">Informaci\u00f3 \u00fatil sobre l&#8217;accessibilitat<\/span><\/h3><p><span style=\"font-weight: 400;\">Tot seguit s&#8217;exposen una s\u00e8rie d&#8217;enlla\u00e7os organitzats en diferents categories \u00fatils per obtenir m\u00e9s informaci\u00f3 sobre l&#8217;accessibilitat.<\/span><\/p><h4><span style=\"font-weight: 400;\">Accessibilitat normes i documents t\u00e8cnics:<\/span><\/h4><p><a href=\"http:\/\/www.w3c.org\/\"><span style=\"font-weight: 400;\">http:\/\/www.w3c.org\/<\/span><span style=\"font-weight: 400;\"><br><\/span><\/a><span style=\"font-weight: 400;\">Consorcio World Wide Web, grupo de trabajo de \u00e1mbito internacional que dicta l\u00edneas generales relacionadas con la web.<\/span><\/p><p><a href=\"http:\/\/www.w3c.org\/wai\/\"><span style=\"font-weight: 400;\">http:\/\/www.w3c.org\/wai\/<\/span><span style=\"font-weight: 400;\"><br><\/span><\/a><span style=\"font-weight: 400;\">Iniciativa d&#8217;accessibilitat web del W3C.<\/span><\/p>\t\t\t\t\t\t\t\t<\/div>\n\t\t\t\t<\/div>\n\t\t\t\t\t<\/div>\n\t\t\t\t<\/div>\n\t\t\t\t<\/div>\n\t\t","protected":false},"excerpt":{"rendered":"<p>Pol\u00edtica daccessibilitat En la construcci\u00f3 de la p\u00e0gina web de SHEILA TORRIJOS ALEGRE s&#8217;han adoptat mesures amb l&#8217;objectiu que el nombre m\u00e9s gran possible de persones puguin arribar a la informaci\u00f3 que s&#8217;hi transmet, independentment de les limitacions de la persona o de les que es derivin del context d&#8217;\u00fas. Aix\u00ed, en la confecci\u00f3 del &#8230; <a title=\"Av\u00eds Legal\" class=\"read-more\" href=\"https:\/\/intercasalleida.es\/ca\/avis-legal\/\" aria-label=\"M\u00e9s informaci\u00f3 sobre Av\u00eds Legal\">Llegiu m\u00e9s<\/a><\/p>\n","protected":false},"author":11,"featured_media":0,"parent":0,"menu_order":0,"comment_status":"closed","ping_status":"closed","template":"elementor_header_footer","meta":{"_acf_changed":false,"footnotes":""},"class_list":["post-9062","page","type-page","status-publish"],"yoast_head":"<!-- This site is optimized with the Yoast SEO plugin v27.6 - https:\/\/yoast.com\/product\/yoast-seo-wordpress\/ -->\n<title>Av\u00eds Legal - Intercasa<\/title>\n<meta name=\"robots\" content=\"index, follow, max-snippet:-1, max-image-preview:large, max-video-preview:-1\" \/>\n<link rel=\"canonical\" href=\"https:\/\/intercasalleida.es\/ca\/avis-legal\/\" \/>\n<meta property=\"og:locale\" content=\"ca_ES\" \/>\n<meta property=\"og:type\" content=\"article\" \/>\n<meta property=\"og:title\" content=\"Av\u00eds Legal - Intercasa\" \/>\n<meta property=\"og:description\" content=\"Pol\u00edtica daccessibilitat En la construcci\u00f3 de la p\u00e0gina web de SHEILA TORRIJOS ALEGRE s&#8217;han adoptat mesures amb l&#8217;objectiu que el nombre m\u00e9s gran possible de persones puguin arribar a la informaci\u00f3 que s&#8217;hi transmet, independentment de les limitacions de la persona o de les que es derivin del context d&#8217;\u00fas. Aix\u00ed, en la confecci\u00f3 del ... Llegiu m\u00e9s\" \/>\n<meta property=\"og:url\" content=\"https:\/\/intercasalleida.es\/ca\/avis-legal\/\" \/>\n<meta property=\"og:site_name\" content=\"Intercasa\" \/>\n<meta property=\"article:modified_time\" content=\"2025-06-10T04:36:30+00:00\" \/>\n<meta name=\"twitter:card\" content=\"summary_large_image\" \/>\n<meta name=\"twitter:label1\" content=\"Temps estimat de lectura\" \/>\n\t<meta name=\"twitter:data1\" content=\"2 minuts\" \/>\n<script type=\"application\/ld+json\" class=\"yoast-schema-graph\">{\"@context\":\"https:\\\/\\\/schema.org\",\"@graph\":[{\"@type\":\"WebPage\",\"@id\":\"https:\\\/\\\/intercasalleida.es\\\/ca\\\/avis-legal\\\/\",\"url\":\"https:\\\/\\\/intercasalleida.es\\\/ca\\\/avis-legal\\\/\",\"name\":\"Av\u00eds Legal - Intercasa\",\"isPartOf\":{\"@id\":\"https:\\\/\\\/intercasalleida.es\\\/ca\\\/#website\"},\"datePublished\":\"2024-10-04T15:15:45+00:00\",\"dateModified\":\"2025-06-10T04:36:30+00:00\",\"breadcrumb\":{\"@id\":\"https:\\\/\\\/intercasalleida.es\\\/ca\\\/avis-legal\\\/#breadcrumb\"},\"inLanguage\":\"ca\",\"potentialAction\":[{\"@type\":\"ReadAction\",\"target\":[\"https:\\\/\\\/intercasalleida.es\\\/ca\\\/avis-legal\\\/\"]}]},{\"@type\":\"BreadcrumbList\",\"@id\":\"https:\\\/\\\/intercasalleida.es\\\/ca\\\/avis-legal\\\/#breadcrumb\",\"itemListElement\":[{\"@type\":\"ListItem\",\"position\":1,\"name\":\"Portada\",\"item\":\"https:\\\/\\\/intercasalleida.es\\\/ca\\\/\"},{\"@type\":\"ListItem\",\"position\":2,\"name\":\"Av\u00eds Legal\"}]},{\"@type\":\"WebSite\",\"@id\":\"https:\\\/\\\/intercasalleida.es\\\/ca\\\/#website\",\"url\":\"https:\\\/\\\/intercasalleida.es\\\/ca\\\/\",\"name\":\"Intercasa\",\"description\":\"\",\"publisher\":{\"@id\":\"https:\\\/\\\/intercasalleida.es\\\/ca\\\/#organization\"},\"potentialAction\":[{\"@type\":\"SearchAction\",\"target\":{\"@type\":\"EntryPoint\",\"urlTemplate\":\"https:\\\/\\\/intercasalleida.es\\\/ca\\\/?s={search_term_string}\"},\"query-input\":{\"@type\":\"PropertyValueSpecification\",\"valueRequired\":true,\"valueName\":\"search_term_string\"}}],\"inLanguage\":\"ca\"},{\"@type\":\"Organization\",\"@id\":\"https:\\\/\\\/intercasalleida.es\\\/ca\\\/#organization\",\"name\":\"Intercasa\",\"url\":\"https:\\\/\\\/intercasalleida.es\\\/ca\\\/\",\"logo\":{\"@type\":\"ImageObject\",\"inLanguage\":\"ca\",\"@id\":\"https:\\\/\\\/intercasalleida.es\\\/ca\\\/#\\\/schema\\\/logo\\\/image\\\/\",\"url\":\"https:\\\/\\\/intercasalleida.es\\\/wp-content\\\/uploads\\\/sites\\\/672\\\/2025\\\/03\\\/Logo-intercasa-13-03-2025-12_16_41_904.jpg\",\"contentUrl\":\"https:\\\/\\\/intercasalleida.es\\\/wp-content\\\/uploads\\\/sites\\\/672\\\/2025\\\/03\\\/Logo-intercasa-13-03-2025-12_16_41_904.jpg\",\"width\":710,\"height\":737,\"caption\":\"Intercasa\"},\"image\":{\"@id\":\"https:\\\/\\\/intercasalleida.es\\\/ca\\\/#\\\/schema\\\/logo\\\/image\\\/\"}}]}<\/script>\n<!-- \/ Yoast SEO plugin. -->","yoast_head_json":{"title":"Av\u00eds Legal - Intercasa","robots":{"index":"index","follow":"follow","max-snippet":"max-snippet:-1","max-image-preview":"max-image-preview:large","max-video-preview":"max-video-preview:-1"},"canonical":"https:\/\/intercasalleida.es\/ca\/avis-legal\/","og_locale":"ca_ES","og_type":"article","og_title":"Av\u00eds Legal - Intercasa","og_description":"Pol\u00edtica daccessibilitat En la construcci\u00f3 de la p\u00e0gina web de SHEILA TORRIJOS ALEGRE s&#8217;han adoptat mesures amb l&#8217;objectiu que el nombre m\u00e9s gran possible de persones puguin arribar a la informaci\u00f3 que s&#8217;hi transmet, independentment de les limitacions de la persona o de les que es derivin del context d&#8217;\u00fas. Aix\u00ed, en la confecci\u00f3 del ... Llegiu m\u00e9s","og_url":"https:\/\/intercasalleida.es\/ca\/avis-legal\/","og_site_name":"Intercasa","article_modified_time":"2025-06-10T04:36:30+00:00","twitter_card":"summary_large_image","twitter_misc":{"Temps estimat de lectura":"2 minuts"},"schema":{"@context":"https:\/\/schema.org","@graph":[{"@type":"WebPage","@id":"https:\/\/intercasalleida.es\/ca\/avis-legal\/","url":"https:\/\/intercasalleida.es\/ca\/avis-legal\/","name":"Av\u00eds Legal - Intercasa","isPartOf":{"@id":"https:\/\/intercasalleida.es\/ca\/#website"},"datePublished":"2024-10-04T15:15:45+00:00","dateModified":"2025-06-10T04:36:30+00:00","breadcrumb":{"@id":"https:\/\/intercasalleida.es\/ca\/avis-legal\/#breadcrumb"},"inLanguage":"ca","potentialAction":[{"@type":"ReadAction","target":["https:\/\/intercasalleida.es\/ca\/avis-legal\/"]}]},{"@type":"BreadcrumbList","@id":"https:\/\/intercasalleida.es\/ca\/avis-legal\/#breadcrumb","itemListElement":[{"@type":"ListItem","position":1,"name":"Portada","item":"https:\/\/intercasalleida.es\/ca\/"},{"@type":"ListItem","position":2,"name":"Av\u00eds Legal"}]},{"@type":"WebSite","@id":"https:\/\/intercasalleida.es\/ca\/#website","url":"https:\/\/intercasalleida.es\/ca\/","name":"Intercasa","description":"","publisher":{"@id":"https:\/\/intercasalleida.es\/ca\/#organization"},"potentialAction":[{"@type":"SearchAction","target":{"@type":"EntryPoint","urlTemplate":"https:\/\/intercasalleida.es\/ca\/?s={search_term_string}"},"query-input":{"@type":"PropertyValueSpecification","valueRequired":true,"valueName":"search_term_string"}}],"inLanguage":"ca"},{"@type":"Organization","@id":"https:\/\/intercasalleida.es\/ca\/#organization","name":"Intercasa","url":"https:\/\/intercasalleida.es\/ca\/","logo":{"@type":"ImageObject","inLanguage":"ca","@id":"https:\/\/intercasalleida.es\/ca\/#\/schema\/logo\/image\/","url":"https:\/\/intercasalleida.es\/wp-content\/uploads\/sites\/672\/2025\/03\/Logo-intercasa-13-03-2025-12_16_41_904.jpg","contentUrl":"https:\/\/intercasalleida.es\/wp-content\/uploads\/sites\/672\/2025\/03\/Logo-intercasa-13-03-2025-12_16_41_904.jpg","width":710,"height":737,"caption":"Intercasa"},"image":{"@id":"https:\/\/intercasalleida.es\/ca\/#\/schema\/logo\/image\/"}}]}},"acf":[],"_links":{"self":[{"href":"https:\/\/intercasalleida.es\/ca\/wp-json\/wp\/v2\/pages\/9062","targetHints":{"allow":["GET"]}}],"collection":[{"href":"https:\/\/intercasalleida.es\/ca\/wp-json\/wp\/v2\/pages"}],"about":[{"href":"https:\/\/intercasalleida.es\/ca\/wp-json\/wp\/v2\/types\/page"}],"author":[{"embeddable":true,"href":"https:\/\/intercasalleida.es\/ca\/wp-json\/wp\/v2\/users\/11"}],"replies":[{"embeddable":true,"href":"https:\/\/intercasalleida.es\/ca\/wp-json\/wp\/v2\/comments?post=9062"}],"version-history":[{"count":0,"href":"https:\/\/intercasalleida.es\/ca\/wp-json\/wp\/v2\/pages\/9062\/revisions"}],"wp:attachment":[{"href":"https:\/\/intercasalleida.es\/ca\/wp-json\/wp\/v2\/media?parent=9062"}],"curies":[{"name":"wp","href":"https:\/\/api.w.org\/{rel}","templated":true}]}}